{"id":13,"date":"2024-05-14T06:28:06","date_gmt":"2024-05-14T06:28:06","guid":{"rendered":"https:\/\/biotop-ebikon.ch\/?page_id=13"},"modified":"2025-01-25T16:38:40","modified_gmt":"2025-01-25T16:38:40","slug":"fuehrungen","status":"publish","type":"page","link":"https:\/\/biotop-ebikon.ch\/index.php\/fuehrungen\/","title":{"rendered":"F\u00fchrungen"},"content":{"rendered":"\n<p>Die urspr\u00fcngliche Rettungsaktion hat ein wunderbares Gebiet f\u00fcr Flora und Fauna hervorgebracht.<br>Neben der Erhaltung von Flora und Fauna sind die F\u00fchrungen zur Sensibilisierung notwendig.<\/p>\n\n\n\n<p><strong>Katja Speiser<\/strong><\/p>\n\n\n\n<figure data-wp-context=\"{&quot;imageId&quot;:&quot;69e1ca6ff0b2c&quot;}\" data-wp-interactive=\"core\/image\" data-wp-key=\"69e1ca6ff0b2c\" class=\"wp-block-image size-large is-resized wp-lightbox-container\"><img loading=\"lazy\" decoding=\"async\" width=\"1024\" height=\"1024\" data-wp-class--hide=\"state.isContentHidden\" data-wp-class--show=\"state.isContentVisible\" data-wp-init=\"callbacks.setButtonStyles\" data-wp-on--click=\"actions.showLightbox\" data-wp-on--load=\"callbacks.setButtonStyles\" data-wp-on-window--resize=\"callbacks.setButtonStyles\" src=\"https:\/\/biotop-ebikon.ch\/wp-content\/uploads\/2024\/05\/image1_bearbeitet-1-1024x1024.jpg\" alt=\"\" class=\"wp-image-14\" style=\"width:243px;height:auto\" srcset=\"https:\/\/biotop-ebikon.ch\/wp-content\/uploads\/2024\/05\/image1_bearbeitet-1-1024x1024.jpg 1024w, https:\/\/biotop-ebikon.ch\/wp-content\/uploads\/2024\/05\/image1_bearbeitet-1-300x300.jpg 300w, https:\/\/biotop-ebikon.ch\/wp-content\/uploads\/2024\/05\/image1_bearbeitet-1-150x150.jpg 150w, https:\/\/biotop-ebikon.ch\/wp-content\/uploads\/2024\/05\/image1_bearbeitet-1-768x768.jpg 768w, https:\/\/biotop-ebikon.ch\/wp-content\/uploads\/2024\/05\/image1_bearbeitet-1.jpg 1536w\" sizes=\"auto, (max-width: 1024px) 100vw, 1024px\" \/><button\n\t\t\tclass=\"lightbox-trigger\"\n\t\t\ttype=\"button\"\n\t\t\taria-haspopup=\"dialog\"\n\t\t\taria-label=\"Vergr\u00f6ssern\"\n\t\t\tdata-wp-init=\"callbacks.initTriggerButton\"\n\t\t\tdata-wp-on--click=\"actions.showLightbox\"\n\t\t\tdata-wp-style--right=\"state.imageButtonRight\"\n\t\t\tdata-wp-style--top=\"state.imageButtonTop\"\n\t\t>\n\t\t\t<svg xmlns=\"http:\/\/www.w3.org\/2000\/svg\" width=\"12\" height=\"12\" fill=\"none\" viewBox=\"0 0 12 12\">\n\t\t\t\t<path fill=\"#fff\" d=\"M2 0a2 2 0 0 0-2 2v2h1.5V2a.5.5 0 0 1 .5-.5h2V0H2Zm2 10.5H2a.5.5 0 0 1-.5-.5V8H0v2a2 2 0 0 0 2 2h2v-1.5ZM8 12v-1.5h2a.5.5 0 0 0 .5-.5V8H12v2a2 2 0 0 1-2 2H8Zm2-12a2 2 0 0 1 2 2v2h-1.5V2a.5.5 0 0 0-.5-.5H8V0h2Z\" \/>\n\t\t\t<\/svg>\n\t\t<\/button><\/figure>\n\n\n\n<p><\/p>\n\n\n\n<p>leitet nach Voranmeldung per Telefon F\u00fchrungen f\u00fcr<\/p>\n\n\n\n<ul class=\"wp-block-list\">\n<li>Kinder<\/li>\n\n\n\n<li>Sch\u00fcler<\/li>\n\n\n\n<li>Studenten<\/li>\n\n\n\n<li>Erwachsene<\/li>\n\n\n\n<li>Seminaristen<\/li>\n\n\n\n<li>Erzieher<\/li>\n\n\n\n<li>Lehrpersonen<\/li>\n\n\n\n<li>Politiker<\/li>\n\n\n\n<li>Vereine usw.<\/li>\n<\/ul>\n","protected":false},"excerpt":{"rendered":"<div class=\"entry-summary\">\nDie urspr\u00fcngliche Rettungsaktion hat ein wunderbares Gebiet f\u00fcr Flora und Fauna hervorgebracht.Neben&hellip;\n<\/div>\n<div class=\"link-more\"><a href=\"https:\/\/biotop-ebikon.ch\/index.php\/fuehrungen\/\" class=\"more-link\">Continue reading<span class=\"screen-reader-text\"> &ldquo;F\u00fchrungen&rdquo;<\/span>&hellip;<\/a><\/div>\n","protected":false},"author":1,"featured_media":0,"parent":0,"menu_order":0,"comment_status":"closed","ping_status":"closed","template":"","meta":{"footnotes":""},"class_list":["post-13","page","type-page","status-publish","hentry","entry"],"_links":{"self":[{"href":"https:\/\/biotop-ebikon.ch\/index.php\/wp-json\/wp\/v2\/pages\/13","targetHints":{"allow":["GET"]}}],"collection":[{"href":"https:\/\/biotop-ebikon.ch\/index.php\/wp-json\/wp\/v2\/pages"}],"about":[{"href":"https:\/\/biotop-ebikon.ch\/index.php\/wp-json\/wp\/v2\/types\/page"}],"author":[{"embeddable":true,"href":"https:\/\/biotop-ebikon.ch\/index.php\/wp-json\/wp\/v2\/users\/1"}],"replies":[{"embeddable":true,"href":"https:\/\/biotop-ebikon.ch\/index.php\/wp-json\/wp\/v2\/comments?post=13"}],"version-history":[{"count":4,"href":"https:\/\/biotop-ebikon.ch\/index.php\/wp-json\/wp\/v2\/pages\/13\/revisions"}],"predecessor-version":[{"id":724,"href":"https:\/\/biotop-ebikon.ch\/index.php\/wp-json\/wp\/v2\/pages\/13\/revisions\/724"}],"wp:attachment":[{"href":"https:\/\/biotop-ebikon.ch\/index.php\/wp-json\/wp\/v2\/media?parent=13"}],"curies":[{"name":"wp","href":"https:\/\/api.w.org\/{rel}","templated":true}]}}