{"id":16,"date":"2024-05-14T06:31:05","date_gmt":"2024-05-14T06:31:05","guid":{"rendered":"https:\/\/biotop-ebikon.ch\/?page_id=16"},"modified":"2025-07-27T11:02:41","modified_gmt":"2025-07-27T11:02:41","slug":"pflege","status":"publish","type":"page","link":"https:\/\/biotop-ebikon.ch\/index.php\/pflege\/","title":{"rendered":"Pflege"},"content":{"rendered":"\n<p><strong>Um das Artenschutzgebiet \u2013 ein Paradies \u2013 zu erhalten, bedarf es sehr viel Arbeit.<\/strong><\/p>\n\n\n\n<p>Die Pflegearbeiten richten sich nach der Jahreszeit.<\/p>\n\n\n\n<figure class=\"wp-block-gallery has-nested-images columns-default is-cropped wp-block-gallery-1 is-layout-flex wp-block-gallery-is-layout-flex\">\n<figure data-wp-context=\"{&quot;imageId&quot;:&quot;69e1dbea74c1b&quot;}\" data-wp-interactive=\"core\/image\" data-wp-key=\"69e1dbea74c1b\" class=\"wp-block-image size-large wp-lightbox-container\"><img loading=\"lazy\" decoding=\"async\" width=\"1024\" height=\"575\" data-wp-class--hide=\"state.isContentHidden\" data-wp-class--show=\"state.isContentVisible\" data-wp-init=\"callbacks.setButtonStyles\" data-wp-on--click=\"actions.showLightbox\" data-wp-on--load=\"callbacks.setButtonStyles\" data-wp-on-window--resize=\"callbacks.setButtonStyles\" data-id=\"894\" src=\"https:\/\/biotop-ebikon.ch\/wp-content\/uploads\/2025\/07\/Madli-Heu-1-1024x575.jpg\" alt=\"\" class=\"wp-image-894\" srcset=\"https:\/\/biotop-ebikon.ch\/wp-content\/uploads\/2025\/07\/Madli-Heu-1-1024x575.jpg 1024w, https:\/\/biotop-ebikon.ch\/wp-content\/uploads\/2025\/07\/Madli-Heu-1-300x169.jpg 300w, https:\/\/biotop-ebikon.ch\/wp-content\/uploads\/2025\/07\/Madli-Heu-1-768x432.jpg 768w, https:\/\/biotop-ebikon.ch\/wp-content\/uploads\/2025\/07\/Madli-Heu-1-1536x863.jpg 1536w, https:\/\/biotop-ebikon.ch\/wp-content\/uploads\/2025\/07\/Madli-Heu-1-2048x1151.jpg 2048w\" sizes=\"auto, (max-width: 1024px) 100vw, 1024px\" \/><button\n\t\t\tclass=\"lightbox-trigger\"\n\t\t\ttype=\"button\"\n\t\t\taria-haspopup=\"dialog\"\n\t\t\taria-label=\"Vergr\u00f6ssern\"\n\t\t\tdata-wp-init=\"callbacks.initTriggerButton\"\n\t\t\tdata-wp-on--click=\"actions.showLightbox\"\n\t\t\tdata-wp-style--right=\"state.imageButtonRight\"\n\t\t\tdata-wp-style--top=\"state.imageButtonTop\"\n\t\t>\n\t\t\t<svg xmlns=\"http:\/\/www.w3.org\/2000\/svg\" width=\"12\" height=\"12\" fill=\"none\" viewBox=\"0 0 12 12\">\n\t\t\t\t<path fill=\"#fff\" d=\"M2 0a2 2 0 0 0-2 2v2h1.5V2a.5.5 0 0 1 .5-.5h2V0H2Zm2 10.5H2a.5.5 0 0 1-.5-.5V8H0v2a2 2 0 0 0 2 2h2v-1.5ZM8 12v-1.5h2a.5.5 0 0 0 .5-.5V8H12v2a2 2 0 0 1-2 2H8Zm2-12a2 2 0 0 1 2 2v2h-1.5V2a.5.5 0 0 0-.5-.5H8V0h2Z\" \/>\n\t\t\t<\/svg>\n\t\t<\/button><figcaption class=\"wp-element-caption\">Schwaden f\u00fcr den Abtransport<\/figcaption><\/figure>\n\n\n\n<figure data-wp-context=\"{&quot;imageId&quot;:&quot;69e1dbea74ef3&quot;}\" data-wp-interactive=\"core\/image\" data-wp-key=\"69e1dbea74ef3\" class=\"wp-block-image size-large wp-lightbox-container\"><img loading=\"lazy\" decoding=\"async\" width=\"768\" height=\"1024\" data-wp-class--hide=\"state.isContentHidden\" data-wp-class--show=\"state.isContentVisible\" data-wp-init=\"callbacks.setButtonStyles\" data-wp-on--click=\"actions.showLightbox\" data-wp-on--load=\"callbacks.setButtonStyles\" data-wp-on-window--resize=\"callbacks.setButtonStyles\" data-id=\"842\" src=\"https:\/\/biotop-ebikon.ch\/wp-content\/uploads\/2025\/03\/teichpflege2-768x1024.jpg\" alt=\"\" class=\"wp-image-842\" srcset=\"https:\/\/biotop-ebikon.ch\/wp-content\/uploads\/2025\/03\/teichpflege2-768x1024.jpg 768w, https:\/\/biotop-ebikon.ch\/wp-content\/uploads\/2025\/03\/teichpflege2-225x300.jpg 225w, https:\/\/biotop-ebikon.ch\/wp-content\/uploads\/2025\/03\/teichpflege2-1152x1536.jpg 1152w, https:\/\/biotop-ebikon.ch\/wp-content\/uploads\/2025\/03\/teichpflege2.jpg 1200w\" sizes=\"auto, (max-width: 768px) 100vw, 768px\" \/><button\n\t\t\tclass=\"lightbox-trigger\"\n\t\t\ttype=\"button\"\n\t\t\taria-haspopup=\"dialog\"\n\t\t\taria-label=\"Vergr\u00f6ssern\"\n\t\t\tdata-wp-init=\"callbacks.initTriggerButton\"\n\t\t\tdata-wp-on--click=\"actions.showLightbox\"\n\t\t\tdata-wp-style--right=\"state.imageButtonRight\"\n\t\t\tdata-wp-style--top=\"state.imageButtonTop\"\n\t\t>\n\t\t\t<svg xmlns=\"http:\/\/www.w3.org\/2000\/svg\" width=\"12\" height=\"12\" fill=\"none\" viewBox=\"0 0 12 12\">\n\t\t\t\t<path fill=\"#fff\" d=\"M2 0a2 2 0 0 0-2 2v2h1.5V2a.5.5 0 0 1 .5-.5h2V0H2Zm2 10.5H2a.5.5 0 0 1-.5-.5V8H0v2a2 2 0 0 0 2 2h2v-1.5ZM8 12v-1.5h2a.5.5 0 0 0 .5-.5V8H12v2a2 2 0 0 1-2 2H8Zm2-12a2 2 0 0 1 2 2v2h-1.5V2a.5.5 0 0 0-.5-.5H8V0h2Z\" \/>\n\t\t\t<\/svg>\n\t\t<\/button><figcaption class=\"wp-element-caption\">Auf der Suche nach Insektenlarven<\/figcaption><\/figure>\n\n\n\n<figure data-wp-context=\"{&quot;imageId&quot;:&quot;69e1dbea75152&quot;}\" data-wp-interactive=\"core\/image\" data-wp-key=\"69e1dbea75152\" class=\"wp-block-image size-large wp-lightbox-container\"><img loading=\"lazy\" decoding=\"async\" width=\"300\" height=\"225\" data-wp-class--hide=\"state.isContentHidden\" data-wp-class--show=\"state.isContentVisible\" data-wp-init=\"callbacks.setButtonStyles\" data-wp-on--click=\"actions.showLightbox\" data-wp-on--load=\"callbacks.setButtonStyles\" data-wp-on-window--resize=\"callbacks.setButtonStyles\" data-id=\"68\" src=\"https:\/\/biotop-ebikon.ch\/wp-content\/uploads\/2024\/05\/pflege01.jpg\" alt=\"\" class=\"wp-image-68\"\/><button\n\t\t\tclass=\"lightbox-trigger\"\n\t\t\ttype=\"button\"\n\t\t\taria-haspopup=\"dialog\"\n\t\t\taria-label=\"Vergr\u00f6ssern\"\n\t\t\tdata-wp-init=\"callbacks.initTriggerButton\"\n\t\t\tdata-wp-on--click=\"actions.showLightbox\"\n\t\t\tdata-wp-style--right=\"state.imageButtonRight\"\n\t\t\tdata-wp-style--top=\"state.imageButtonTop\"\n\t\t>\n\t\t\t<svg xmlns=\"http:\/\/www.w3.org\/2000\/svg\" width=\"12\" height=\"12\" fill=\"none\" viewBox=\"0 0 12 12\">\n\t\t\t\t<path fill=\"#fff\" d=\"M2 0a2 2 0 0 0-2 2v2h1.5V2a.5.5 0 0 1 .5-.5h2V0H2Zm2 10.5H2a.5.5 0 0 1-.5-.5V8H0v2a2 2 0 0 0 2 2h2v-1.5ZM8 12v-1.5h2a.5.5 0 0 0 .5-.5V8H12v2a2 2 0 0 1-2 2H8Zm2-12a2 2 0 0 1 2 2v2h-1.5V2a.5.5 0 0 0-.5-.5H8V0h2Z\" \/>\n\t\t\t<\/svg>\n\t\t<\/button><figcaption class=\"wp-element-caption\">Nistkastens\u00e4uberung<\/figcaption><\/figure>\n\n\n\n<figure data-wp-context=\"{&quot;imageId&quot;:&quot;69e1dbea7539a&quot;}\" data-wp-interactive=\"core\/image\" data-wp-key=\"69e1dbea7539a\" class=\"wp-block-image size-large wp-lightbox-container\"><img loading=\"lazy\" decoding=\"async\" width=\"300\" height=\"225\" data-wp-class--hide=\"state.isContentHidden\" data-wp-class--show=\"state.isContentVisible\" data-wp-init=\"callbacks.setButtonStyles\" data-wp-on--click=\"actions.showLightbox\" data-wp-on--load=\"callbacks.setButtonStyles\" data-wp-on-window--resize=\"callbacks.setButtonStyles\" data-id=\"69\" src=\"https:\/\/biotop-ebikon.ch\/wp-content\/uploads\/2024\/05\/pflege1.jpg\" alt=\"\" class=\"wp-image-69\"\/><button\n\t\t\tclass=\"lightbox-trigger\"\n\t\t\ttype=\"button\"\n\t\t\taria-haspopup=\"dialog\"\n\t\t\taria-label=\"Vergr\u00f6ssern\"\n\t\t\tdata-wp-init=\"callbacks.initTriggerButton\"\n\t\t\tdata-wp-on--click=\"actions.showLightbox\"\n\t\t\tdata-wp-style--right=\"state.imageButtonRight\"\n\t\t\tdata-wp-style--top=\"state.imageButtonTop\"\n\t\t>\n\t\t\t<svg xmlns=\"http:\/\/www.w3.org\/2000\/svg\" width=\"12\" height=\"12\" fill=\"none\" viewBox=\"0 0 12 12\">\n\t\t\t\t<path fill=\"#fff\" d=\"M2 0a2 2 0 0 0-2 2v2h1.5V2a.5.5 0 0 1 .5-.5h2V0H2Zm2 10.5H2a.5.5 0 0 1-.5-.5V8H0v2a2 2 0 0 0 2 2h2v-1.5ZM8 12v-1.5h2a.5.5 0 0 0 .5-.5V8H12v2a2 2 0 0 1-2 2H8Zm2-12a2 2 0 0 1 2 2v2h-1.5V2a.5.5 0 0 0-.5-.5H8V0h2Z\" \/>\n\t\t\t<\/svg>\n\t\t<\/button><figcaption class=\"wp-element-caption\">Schulklassen helfen tatkr\u00e4ftig mit<\/figcaption><\/figure>\n\n\n\n<figure data-wp-context=\"{&quot;imageId&quot;:&quot;69e1dbea755f9&quot;}\" data-wp-interactive=\"core\/image\" data-wp-key=\"69e1dbea755f9\" class=\"wp-block-image size-large wp-lightbox-container\"><img loading=\"lazy\" decoding=\"async\" width=\"300\" height=\"225\" data-wp-class--hide=\"state.isContentHidden\" data-wp-class--show=\"state.isContentVisible\" data-wp-init=\"callbacks.setButtonStyles\" data-wp-on--click=\"actions.showLightbox\" data-wp-on--load=\"callbacks.setButtonStyles\" data-wp-on-window--resize=\"callbacks.setButtonStyles\" data-id=\"70\" src=\"https:\/\/biotop-ebikon.ch\/wp-content\/uploads\/2024\/05\/pflege2.jpg\" alt=\"\" class=\"wp-image-70\"\/><button\n\t\t\tclass=\"lightbox-trigger\"\n\t\t\ttype=\"button\"\n\t\t\taria-haspopup=\"dialog\"\n\t\t\taria-label=\"Vergr\u00f6ssern\"\n\t\t\tdata-wp-init=\"callbacks.initTriggerButton\"\n\t\t\tdata-wp-on--click=\"actions.showLightbox\"\n\t\t\tdata-wp-style--right=\"state.imageButtonRight\"\n\t\t\tdata-wp-style--top=\"state.imageButtonTop\"\n\t\t>\n\t\t\t<svg xmlns=\"http:\/\/www.w3.org\/2000\/svg\" width=\"12\" height=\"12\" fill=\"none\" viewBox=\"0 0 12 12\">\n\t\t\t\t<path fill=\"#fff\" d=\"M2 0a2 2 0 0 0-2 2v2h1.5V2a.5.5 0 0 1 .5-.5h2V0H2Zm2 10.5H2a.5.5 0 0 1-.5-.5V8H0v2a2 2 0 0 0 2 2h2v-1.5ZM8 12v-1.5h2a.5.5 0 0 0 .5-.5V8H12v2a2 2 0 0 1-2 2H8Zm2-12a2 2 0 0 1 2 2v2h-1.5V2a.5.5 0 0 0-.5-.5H8V0h2Z\" \/>\n\t\t\t<\/svg>\n\t\t<\/button><figcaption class=\"wp-element-caption\">Wurzelentfernung<\/figcaption><\/figure>\n\n\n\n<figure data-wp-context=\"{&quot;imageId&quot;:&quot;69e1dbea75837&quot;}\" data-wp-interactive=\"core\/image\" data-wp-key=\"69e1dbea75837\" class=\"wp-block-image size-large wp-lightbox-container\"><img loading=\"lazy\" decoding=\"async\" width=\"300\" height=\"225\" data-wp-class--hide=\"state.isContentHidden\" data-wp-class--show=\"state.isContentVisible\" data-wp-init=\"callbacks.setButtonStyles\" data-wp-on--click=\"actions.showLightbox\" data-wp-on--load=\"callbacks.setButtonStyles\" data-wp-on-window--resize=\"callbacks.setButtonStyles\" data-id=\"71\" src=\"https:\/\/biotop-ebikon.ch\/wp-content\/uploads\/2024\/05\/pflege3.jpg\" alt=\"\" class=\"wp-image-71\"\/><button\n\t\t\tclass=\"lightbox-trigger\"\n\t\t\ttype=\"button\"\n\t\t\taria-haspopup=\"dialog\"\n\t\t\taria-label=\"Vergr\u00f6ssern\"\n\t\t\tdata-wp-init=\"callbacks.initTriggerButton\"\n\t\t\tdata-wp-on--click=\"actions.showLightbox\"\n\t\t\tdata-wp-style--right=\"state.imageButtonRight\"\n\t\t\tdata-wp-style--top=\"state.imageButtonTop\"\n\t\t>\n\t\t\t<svg xmlns=\"http:\/\/www.w3.org\/2000\/svg\" width=\"12\" height=\"12\" fill=\"none\" viewBox=\"0 0 12 12\">\n\t\t\t\t<path fill=\"#fff\" d=\"M2 0a2 2 0 0 0-2 2v2h1.5V2a.5.5 0 0 1 .5-.5h2V0H2Zm2 10.5H2a.5.5 0 0 1-.5-.5V8H0v2a2 2 0 0 0 2 2h2v-1.5ZM8 12v-1.5h2a.5.5 0 0 0 .5-.5V8H12v2a2 2 0 0 1-2 2H8Zm2-12a2 2 0 0 1 2 2v2h-1.5V2a.5.5 0 0 0-.5-.5H8V0h2Z\" \/>\n\t\t\t<\/svg>\n\t\t<\/button><figcaption class=\"wp-element-caption\">Schilf muss gem\u00e4ht werden<\/figcaption><\/figure>\n\n\n\n<figure data-wp-context=\"{&quot;imageId&quot;:&quot;69e1dbea75a6d&quot;}\" data-wp-interactive=\"core\/image\" data-wp-key=\"69e1dbea75a6d\" class=\"wp-block-image size-large wp-lightbox-container\"><img loading=\"lazy\" decoding=\"async\" width=\"300\" height=\"224\" data-wp-class--hide=\"state.isContentHidden\" data-wp-class--show=\"state.isContentVisible\" data-wp-init=\"callbacks.setButtonStyles\" data-wp-on--click=\"actions.showLightbox\" data-wp-on--load=\"callbacks.setButtonStyles\" data-wp-on-window--resize=\"callbacks.setButtonStyles\" data-id=\"72\" src=\"https:\/\/biotop-ebikon.ch\/wp-content\/uploads\/2024\/05\/pflege4.jpg\" alt=\"\" class=\"wp-image-72\"\/><button\n\t\t\tclass=\"lightbox-trigger\"\n\t\t\ttype=\"button\"\n\t\t\taria-haspopup=\"dialog\"\n\t\t\taria-label=\"Vergr\u00f6ssern\"\n\t\t\tdata-wp-init=\"callbacks.initTriggerButton\"\n\t\t\tdata-wp-on--click=\"actions.showLightbox\"\n\t\t\tdata-wp-style--right=\"state.imageButtonRight\"\n\t\t\tdata-wp-style--top=\"state.imageButtonTop\"\n\t\t>\n\t\t\t<svg xmlns=\"http:\/\/www.w3.org\/2000\/svg\" width=\"12\" height=\"12\" fill=\"none\" viewBox=\"0 0 12 12\">\n\t\t\t\t<path fill=\"#fff\" d=\"M2 0a2 2 0 0 0-2 2v2h1.5V2a.5.5 0 0 1 .5-.5h2V0H2Zm2 10.5H2a.5.5 0 0 1-.5-.5V8H0v2a2 2 0 0 0 2 2h2v-1.5ZM8 12v-1.5h2a.5.5 0 0 0 .5-.5V8H12v2a2 2 0 0 1-2 2H8Zm2-12a2 2 0 0 1 2 2v2h-1.5V2a.5.5 0 0 0-.5-.5H8V0h2Z\" \/>\n\t\t\t<\/svg>\n\t\t<\/button><figcaption class=\"wp-element-caption\">Ruedi, der Taucher<\/figcaption><\/figure>\n\n\n\n<figure data-wp-context=\"{&quot;imageId&quot;:&quot;69e1dbea75ca1&quot;}\" data-wp-interactive=\"core\/image\" data-wp-key=\"69e1dbea75ca1\" class=\"wp-block-image size-large wp-lightbox-container\"><img loading=\"lazy\" decoding=\"async\" width=\"300\" height=\"225\" data-wp-class--hide=\"state.isContentHidden\" data-wp-class--show=\"state.isContentVisible\" data-wp-init=\"callbacks.setButtonStyles\" data-wp-on--click=\"actions.showLightbox\" data-wp-on--load=\"callbacks.setButtonStyles\" data-wp-on-window--resize=\"callbacks.setButtonStyles\" data-id=\"73\" src=\"https:\/\/biotop-ebikon.ch\/wp-content\/uploads\/2024\/05\/pflege5.jpg\" alt=\"\" class=\"wp-image-73\"\/><button\n\t\t\tclass=\"lightbox-trigger\"\n\t\t\ttype=\"button\"\n\t\t\taria-haspopup=\"dialog\"\n\t\t\taria-label=\"Vergr\u00f6ssern\"\n\t\t\tdata-wp-init=\"callbacks.initTriggerButton\"\n\t\t\tdata-wp-on--click=\"actions.showLightbox\"\n\t\t\tdata-wp-style--right=\"state.imageButtonRight\"\n\t\t\tdata-wp-style--top=\"state.imageButtonTop\"\n\t\t>\n\t\t\t<svg xmlns=\"http:\/\/www.w3.org\/2000\/svg\" width=\"12\" height=\"12\" fill=\"none\" viewBox=\"0 0 12 12\">\n\t\t\t\t<path fill=\"#fff\" d=\"M2 0a2 2 0 0 0-2 2v2h1.5V2a.5.5 0 0 1 .5-.5h2V0H2Zm2 10.5H2a.5.5 0 0 1-.5-.5V8H0v2a2 2 0 0 0 2 2h2v-1.5ZM8 12v-1.5h2a.5.5 0 0 0 .5-.5V8H12v2a2 2 0 0 1-2 2H8Zm2-12a2 2 0 0 1 2 2v2h-1.5V2a.5.5 0 0 0-.5-.5H8V0h2Z\" \/>\n\t\t\t<\/svg>\n\t\t<\/button><figcaption class=\"wp-element-caption\">Fleissige M\u00e4her mit den Sensen<\/figcaption><\/figure>\n\n\n\n<figure data-wp-context=\"{&quot;imageId&quot;:&quot;69e1dbea75ecb&quot;}\" data-wp-interactive=\"core\/image\" data-wp-key=\"69e1dbea75ecb\" class=\"wp-block-image size-large wp-lightbox-container\"><img loading=\"lazy\" decoding=\"async\" width=\"300\" height=\"225\" data-wp-class--hide=\"state.isContentHidden\" data-wp-class--show=\"state.isContentVisible\" data-wp-init=\"callbacks.setButtonStyles\" data-wp-on--click=\"actions.showLightbox\" data-wp-on--load=\"callbacks.setButtonStyles\" data-wp-on-window--resize=\"callbacks.setButtonStyles\" data-id=\"74\" src=\"https:\/\/biotop-ebikon.ch\/wp-content\/uploads\/2024\/05\/pflege6.jpg\" alt=\"\" class=\"wp-image-74\"\/><button\n\t\t\tclass=\"lightbox-trigger\"\n\t\t\ttype=\"button\"\n\t\t\taria-haspopup=\"dialog\"\n\t\t\taria-label=\"Vergr\u00f6ssern\"\n\t\t\tdata-wp-init=\"callbacks.initTriggerButton\"\n\t\t\tdata-wp-on--click=\"actions.showLightbox\"\n\t\t\tdata-wp-style--right=\"state.imageButtonRight\"\n\t\t\tdata-wp-style--top=\"state.imageButtonTop\"\n\t\t>\n\t\t\t<svg xmlns=\"http:\/\/www.w3.org\/2000\/svg\" width=\"12\" height=\"12\" fill=\"none\" viewBox=\"0 0 12 12\">\n\t\t\t\t<path fill=\"#fff\" d=\"M2 0a2 2 0 0 0-2 2v2h1.5V2a.5.5 0 0 1 .5-.5h2V0H2Zm2 10.5H2a.5.5 0 0 1-.5-.5V8H0v2a2 2 0 0 0 2 2h2v-1.5ZM8 12v-1.5h2a.5.5 0 0 0 .5-.5V8H12v2a2 2 0 0 1-2 2H8Zm2-12a2 2 0 0 1 2 2v2h-1.5V2a.5.5 0 0 0-.5-.5H8V0h2Z\" \/>\n\t\t\t<\/svg>\n\t\t<\/button><figcaption class=\"wp-element-caption\">Noch eine Larve!<\/figcaption><\/figure>\n\n\n\n<figure data-wp-context=\"{&quot;imageId&quot;:&quot;69e1dbea7610d&quot;}\" data-wp-interactive=\"core\/image\" data-wp-key=\"69e1dbea7610d\" class=\"wp-block-image size-large wp-lightbox-container\"><img loading=\"lazy\" decoding=\"async\" width=\"768\" height=\"1024\" data-wp-class--hide=\"state.isContentHidden\" data-wp-class--show=\"state.isContentVisible\" data-wp-init=\"callbacks.setButtonStyles\" data-wp-on--click=\"actions.showLightbox\" data-wp-on--load=\"callbacks.setButtonStyles\" data-wp-on-window--resize=\"callbacks.setButtonStyles\" data-id=\"308\" src=\"https:\/\/biotop-ebikon.ch\/wp-content\/uploads\/2024\/09\/teichpflege2024_1-768x1024.jpg\" alt=\"\" class=\"wp-image-308\" srcset=\"https:\/\/biotop-ebikon.ch\/wp-content\/uploads\/2024\/09\/teichpflege2024_1-768x1024.jpg 768w, https:\/\/biotop-ebikon.ch\/wp-content\/uploads\/2024\/09\/teichpflege2024_1-225x300.jpg 225w, https:\/\/biotop-ebikon.ch\/wp-content\/uploads\/2024\/09\/teichpflege2024_1-1152x1536.jpg 1152w, https:\/\/biotop-ebikon.ch\/wp-content\/uploads\/2024\/09\/teichpflege2024_1.jpg 1200w\" sizes=\"auto, (max-width: 768px) 100vw, 768px\" \/><button\n\t\t\tclass=\"lightbox-trigger\"\n\t\t\ttype=\"button\"\n\t\t\taria-haspopup=\"dialog\"\n\t\t\taria-label=\"Vergr\u00f6ssern\"\n\t\t\tdata-wp-init=\"callbacks.initTriggerButton\"\n\t\t\tdata-wp-on--click=\"actions.showLightbox\"\n\t\t\tdata-wp-style--right=\"state.imageButtonRight\"\n\t\t\tdata-wp-style--top=\"state.imageButtonTop\"\n\t\t>\n\t\t\t<svg xmlns=\"http:\/\/www.w3.org\/2000\/svg\" width=\"12\" height=\"12\" fill=\"none\" viewBox=\"0 0 12 12\">\n\t\t\t\t<path fill=\"#fff\" d=\"M2 0a2 2 0 0 0-2 2v2h1.5V2a.5.5 0 0 1 .5-.5h2V0H2Zm2 10.5H2a.5.5 0 0 1-.5-.5V8H0v2a2 2 0 0 0 2 2h2v-1.5ZM8 12v-1.5h2a.5.5 0 0 0 .5-.5V8H12v2a2 2 0 0 1-2 2H8Zm2-12a2 2 0 0 1 2 2v2h-1.5V2a.5.5 0 0 0-.5-.5H8V0h2Z\" \/>\n\t\t\t<\/svg>\n\t\t<\/button><figcaption class=\"wp-element-caption\">Wer sucht, der findet<\/figcaption><\/figure>\n<\/figure>\n\n\n\n<p><\/p>\n\n\n\n<p class=\"has-text-align-left\">Zwischen Februar und anfangs Mai lassen wir die Fauna und Flora erst einmal ankommen und wollen v. a. die aus der Winterstarre und dem Winterschlaf hervorkommenden Tiere nicht allzu fest st\u00f6ren. Trotzdem m\u00fcssen die Wehen des Winters beseitigt werden \u2013 abgebrochene \u00c4ste abs\u00e4gen, restliches Laub vom Herbst zuvor aus den Teichen fischen und um die Teiche herum kehren , Vogelfutterstellen aufl\u00f6sen, Wasserrinnen s\u00e4ubern, angeh\u00e4uften Schlamm aus den Bachl\u00e4ufen entfernen und Vogelnistk\u00e4sten s\u00e4ubern.<\/p>\n\n\n\n<p>Amphibien aus den Strassensch\u00e4chten an der Ottigenb\u00fchlstrasse retten, die w\u00e4hrend dem Fr\u00f6schezug hineinfielen.<\/p>\n\n\n\n<p>Mitte Mai werden die Steinmauern und die angrenzenden Wiesen zu den Teichen das erste Mal gegrast, bzw. gem\u00e4ht, damit sich die Geburtshelferkr\u00f6ten gut entwickeln k\u00f6nnen. Sie lieben karge Umgebung und sollten kurzgeschnittene Fl\u00e4che zwischen ihrem Aufenthaltsort tags\u00fcber und dem Gew\u00e4sser mit Einbruch der Dunkelheit haben, damit sie genug Futter finden und mit ihren an den Hinterbeinen haftenden Eiern unbeschadet das Wasser erreichen k\u00f6nnen. <\/p>\n\n\n\n<p>Im Juni werden die restlichen Stauden vom Herbst, wie z. B. die Wilde Karde, Wegwarten etc., die als Insektenbehausung und Eiablage dienten, abgeschnitten. Bis zu diesem Zeitpunkt sind die Insekten geschl\u00fcpft und dienen als Futter f\u00fcr Amphibien und V\u00f6gel.&nbsp;Alle Steinmauern und -haufen werden gegrast.<\/p>\n\n\n\n<p>Einen allf\u00e4llig ausgetrockneten &nbsp;Teich komplett entleeren und neu gestalten. Kaputte Teichfolien flicken.<\/p>\n\n\n\n<p>Ende Juni werden die n\u00e4hrstoffarmen Magerwiesen zu \u00be gem\u00e4ht. <\/p>\n\n\n\n<figure class=\"wp-block-video\"><video height=\"1080\" style=\"aspect-ratio: 1920 \/ 1080;\" width=\"1920\" controls src=\"https:\/\/biotop-ebikon.ch\/wp-content\/uploads\/2025\/07\/Katja-4Kurz.mp4\"><\/video><figcaption class=\"wp-element-caption\">Katja beim Zusammenrechen<\/figcaption><\/figure>\n\n\n\n<p>Das restliche Viertel dient als R\u00fcckzugsm\u00f6glichkeit f\u00fcr die in Wiesen lebenden Tiere und Insekten. F\u00fcr diese Arbeit haben wir Unterst\u00fctzung der <strong>Gemeinde Ebikon<\/strong>. Ohne sie h\u00e4tten wir keine Chance, das Gebiet zu erhalten. Unsere langj\u00e4hrigen M\u00e4her sind uns nat\u00fcrlich auch treu.<\/p>\n\n\n\n<p>Im Weiteren werden B\u00e4ume gef\u00e4llt, die zu gross und zu dicht gewachsen sind. Diese Arbeit verrichten meist <strong>F\u00f6rster<\/strong>, die Aufr\u00e4umarbeiten <strong>Schulklassen<\/strong>.<\/p>\n\n\n\n<p>Das Jakobskraut und der Japanische Kn\u00f6terich werden vor dem M\u00e4hen entfernt und der Verbrennungsanlage zugef\u00fchrt. <\/p>\n\n\n\n<p>Im Juli steht nichts an, es muss wieder Ruhe f\u00fcr die Tiere einkehren. Ausser ein Sturm fegt \u00fcber Ebikon und die Hinterlassenschaften m\u00fcssen entfernt werden.<\/p>\n\n\n\n<p>Im August stehen kleinere Arbeiten an, wie \u00fcberhandnehmende Binsen aus den Teichen zu schneiden und Reparaturen an den Insektenw\u00e4nden. \u00dcberwachsende Uferzonen an den Teichen freilegen. Wir entfernen die Grasnarben, so dass das Erdreich zum Vorschein kommt, hier halten sich dann viele Insekten auf, im Gegensatz zur Uferzonenwiese ohne Blumen. Das bedeutet, dass sich mehr kleinste Insekten dort aufhalten und die Amphibien sich nochmals f\u00fcr den Winter \u201evollfressen\u201c k\u00f6nnen.<\/p>\n\n\n\n<p>Im September wird mit der Teichpflege begonnen. Sie zieht sich bei \u00fcber 50 Teichen bis in den Oktober hinein. Die \u00fcber den Sommer hinweg stark gewachsenen Pflanzen m\u00fcssen aus den Teichen entfernt und genauestens durchsucht werden.<\/p>\n\n\n\n<p>Wenn die Teiche \u00fcber den Winter zugefroren sind und es zu viele Pflanzen darin hat, entstehen Faulgase, welche durch die Eisschicht nicht entweichen k\u00f6nnen und die darin lebenden Tiere t\u00f6ten. Mit der Durchsicht der herauszunehmenden Pflanzen k\u00f6nnen viele Wassertiere wieder dem Teich zur\u00fcck gegeben werden. Dies ist eine zeitintensive und m\u00fchsame Arbeit, die sich aber lohnt. Ebenfalls m\u00fcssen Binsen etc. mit dem Wurzelwerk entfernt werden, damit sie nicht \u00fcberhand nehmen. Ein Neoprenanzug und eine Taucherbrille kommen bei grossen Teichen auch zum Einsatz.<\/p>\n\n\n\n<p>Im Weiteren wird die Heckenpflege in Angriff genommen.<\/p>\n\n\n\n<p>Ende September wird wiederum gem\u00e4ht.<\/p>\n\n\n\n<figure class=\"wp-block-video\"><video height=\"1080\" style=\"aspect-ratio: 1920 \/ 1080;\" width=\"1920\" controls src=\"https:\/\/biotop-ebikon.ch\/wp-content\/uploads\/2025\/07\/Hansjoerg-Beim-Heuen-3-Kurz.mp4\"><\/video><\/figure>\n\n\n\n<p>Ebenfalls wird ein Teil des Grases nicht geschnitten. Dies dient im Winter als Unterschlupfm\u00f6glichkeit f\u00fcr Insekten. Das umfallende Gras, zusammen mit der Schneedecke erzeugt eine Art Isolation. Die \u00fcberlebenden Insekten sind die erste Futterquelle im Fr\u00fchling f\u00fcr Amphibien und V\u00f6gel.<\/p>\n\n\n\n<p>Steinmauern und Steinhaufen werden abermals gegrast.<\/p>\n\n\n\n<p>Wenn das erste Laub f\u00e4llt, werden Netze \u00fcber exponierte Teiche gespannt, damit nicht allzu viele Bl\u00e4tter hineinfallen, was wieder zu Faulgasen und Verschlammung f\u00fchrt. An den Bl\u00e4ttern haften gerne Molch- und Libellenlarven, weshalb die allf\u00e4llig zu entfernenden Bl\u00e4tter ebenfalls durchgesichtet werden m\u00fcssen.<\/p>\n\n\n\n<p>Bis der erste Schnee f\u00e4llt, m\u00fcssen die Netze, damit sie nicht zu schwer werden von Bl\u00e4ttern befreit werden. Den Zeitpunkt der Netzentfernungen zu w\u00e4hlen, ist schwierig. Ein fr\u00fcher, unerwarteter Wintereinbruch kann die Netze ins Wasser dr\u00fccken oder aber ein zu fr\u00fches Entfernen bedeutet noch mehr Handarbeit.<\/p>\n\n\n\n<p>Im November, vor dem ersten richtigen Frost, werden die Vogelnistk\u00e4sten nochmals gereinigt. Siebenschl\u00e4fer nutzen sie dann gerne als Winterquartier und V\u00f6gel als Nachtquartier, weshalb die Nester entfernt werden m\u00fcssen. Die sich dort schon aufhaltenden Spinnen und Maden belassen wir, im Gegensatz zur \u201enach dem Frost\u201c-S\u00e4uberung im Fr\u00fchling. Hier muss alles penibel sauber sein, damit sich keine Parasiten an den Jungv\u00f6geln anhaften und sie t\u00f6ten.<\/p>\n\n\n\n<p>Die Werkzeugh\u00fctten werden aufger\u00e4umt, das Werkzeug winterfest geputzt und restliche Arbeiten verrichtet, z. B. Regenrinnen der H\u00fctten s\u00e4ubern, H\u00fcttend\u00e4cher repariert etc.<\/p>\n\n\n\n<p>Der Dezember und Januar werden nahezu still. Die Vogelfutterstellen m\u00fcssen einmal pro Woche ges\u00e4ubert und allf\u00e4llige Spontanproblemf\u00e4lle, z. &nbsp;B. Schneebruch, behoben werden.<\/p>\n","protected":false},"excerpt":{"rendered":"<div class=\"entry-summary\">\nUm das Artenschutzgebiet \u2013 ein Paradies \u2013 zu erhalten, bedarf es sehr&hellip;\n<\/div>\n<div class=\"link-more\"><a href=\"https:\/\/biotop-ebikon.ch\/index.php\/pflege\/\" class=\"more-link\">Continue reading<span class=\"screen-reader-text\"> &ldquo;Pflege&rdquo;<\/span>&hellip;<\/a><\/div>\n","protected":false},"author":1,"featured_media":0,"parent":0,"menu_order":0,"comment_status":"closed","ping_status":"closed","template":"","meta":{"footnotes":""},"class_list":["post-16","page","type-page","status-publish","hentry","entry"],"_links":{"self":[{"href":"https:\/\/biotop-ebikon.ch\/index.php\/wp-json\/wp\/v2\/pages\/16","targetHints":{"allow":["GET"]}}],"collection":[{"href":"https:\/\/biotop-ebikon.ch\/index.php\/wp-json\/wp\/v2\/pages"}],"about":[{"href":"https:\/\/biotop-ebikon.ch\/index.php\/wp-json\/wp\/v2\/types\/page"}],"author":[{"embeddable":true,"href":"https:\/\/biotop-ebikon.ch\/index.php\/wp-json\/wp\/v2\/users\/1"}],"replies":[{"embeddable":true,"href":"https:\/\/biotop-ebikon.ch\/index.php\/wp-json\/wp\/v2\/comments?post=16"}],"version-history":[{"count":103,"href":"https:\/\/biotop-ebikon.ch\/index.php\/wp-json\/wp\/v2\/pages\/16\/revisions"}],"predecessor-version":[{"id":973,"href":"https:\/\/biotop-ebikon.ch\/index.php\/wp-json\/wp\/v2\/pages\/16\/revisions\/973"}],"wp:attachment":[{"href":"https:\/\/biotop-ebikon.ch\/index.php\/wp-json\/wp\/v2\/media?parent=16"}],"curies":[{"name":"wp","href":"https:\/\/api.w.org\/{rel}","templated":true}]}}